{"id":93,"date":"2025-09-07T14:01:10","date_gmt":"2025-09-07T14:01:10","guid":{"rendered":"https:\/\/livingstonanglers.com\/?page_id=93"},"modified":"2025-09-14T14:05:20","modified_gmt":"2025-09-14T14:05:20","slug":"galeria","status":"publish","type":"page","link":"https:\/\/livingstonanglers.com\/en\/galeria\/","title":{"rendered":"Gallery"},"content":{"rendered":"<div data-elementor-type=\"wp-page\" data-elementor-id=\"93\" class=\"elementor elementor-93\" data-elementor-post-type=\"page\">\n\t\t\t\t\t\t<section class=\"elementor-section elementor-top-section elementor-element elementor-element-1fab4804 elementor-section-boxed elementor-section-height-default elementor-section-height-default\" data-id=\"1fab4804\" data-element_type=\"section\" data-settings=\"{&quot;background_background&quot;:&quot;classic&quot;}\">\n\t\t\t\t\t\t\t<div class=\"elementor-background-overlay\"><\/div>\n\t\t\t\t\t\t\t<div class=\"elementor-container elementor-column-gap-default\">\n\t\t\t\t\t<div class=\"elementor-column elementor-col-100 elementor-top-column elementor-element elementor-element-3eee52bd\" data-id=\"3eee52bd\" data-element_type=\"column\">\n\t\t\t<div class=\"elementor-widget-wrap elementor-element-populated\">\n\t\t\t\t\t\t\t<\/div>\n\t\t<\/div>\n\t\t\t\t\t<\/div>\n\t\t<\/section>\n\t\t\t\t<section class=\"elementor-section elementor-top-section elementor-element elementor-element-1160fe0d elementor-section-boxed elementor-section-height-default elementor-section-height-default\" data-id=\"1160fe0d\" data-element_type=\"section\" data-settings=\"{&quot;background_background&quot;:&quot;classic&quot;}\">\n\t\t\t\t\t\t<div class=\"elementor-container elementor-column-gap-default\">\n\t\t\t\t\t<div class=\"elementor-column elementor-col-100 elementor-top-column elementor-element elementor-element-11b00af2\" data-id=\"11b00af2\" data-element_type=\"column\">\n\t\t\t<div class=\"elementor-widget-wrap elementor-element-populated\">\n\t\t\t\t\t\t<div class=\"elementor-element elementor-element-2eb6e210 animated-fast elementor-invisible elementor-widget elementor-widget-heading\" data-id=\"2eb6e210\" data-element_type=\"widget\" data-settings=\"{&quot;_animation&quot;:&quot;fadeInUp&quot;,&quot;_animation_delay&quot;:100}\" data-widget_type=\"heading.default\">\n\t\t\t\t\t<h2 class=\"elementor-heading-title elementor-size-default\">Visual Journal of the Seasons<\/h2>\t\t\t\t<\/div>\n\t\t\t\t<div class=\"elementor-element elementor-element-6b796444 animated-fast elementor-widget__width-initial elementor-invisible elementor-widget elementor-widget-text-editor\" data-id=\"6b796444\" data-element_type=\"widget\" data-settings=\"{&quot;_animation&quot;:&quot;fadeInUp&quot;,&quot;_animation_delay&quot;:200}\" data-widget_type=\"text-editor.default\">\n\t\t\t\t\t\t\t\t\t<p>This gallery showcases real memories from our customized fishing adventures in Chilean Patagonia: crystal-clear rivers, glacier lakes, and the joy after each catch\u2014always guided by an ethic of <strong data-start=\"428\" data-end=\"452\" data-is-only-node=\"\">catch and release<\/strong>.<\/p>\t\t\t\t\t\t\t\t<\/div>\n\t\t\t\t<section class=\"elementor-section elementor-inner-section elementor-element elementor-element-5620417c elementor-section-boxed elementor-section-height-default elementor-section-height-default\" data-id=\"5620417c\" data-element_type=\"section\">\n\t\t\t\t\t\t<div class=\"elementor-container elementor-column-gap-default\">\n\t\t\t\t\t<div class=\"elementor-column elementor-col-50 elementor-inner-column elementor-element elementor-element-3461e83d\" data-id=\"3461e83d\" data-element_type=\"column\">\n\t\t\t<div class=\"elementor-widget-wrap elementor-element-populated\">\n\t\t\t\t\t\t<div class=\"elementor-element elementor-element-50fdde18 animated-fast elementor-invisible elementor-widget elementor-widget-image\" data-id=\"50fdde18\" data-element_type=\"widget\" data-settings=\"{&quot;_animation&quot;:&quot;fadeInUp&quot;,&quot;_animation_delay&quot;:100}\" data-widget_type=\"image.default\">\n\t\t\t\t\t\t\t\t\t\t\t\t\t\t\t<img decoding=\"async\" src=\"https:\/\/livingstonanglers.com\/wp-content\/uploads\/elementor\/thumbs\/IMG_8824-1-scaled-rbkmeon5rnittm9x28e9hfay62vp38p0snf129y22o.avif\" title=\"IMG_8824 (1)\" alt=\"IMG_8824 (1)\" loading=\"lazy\" \/>\t\t\t\t\t\t\t\t\t\t\t\t\t\t\t<\/div>\n\t\t\t\t\t<\/div>\n\t\t<\/div>\n\t\t\t\t<div class=\"elementor-column elementor-col-50 elementor-inner-column elementor-element elementor-element-5534f5c5\" data-id=\"5534f5c5\" data-element_type=\"column\">\n\t\t\t<div class=\"elementor-widget-wrap elementor-element-populated\">\n\t\t\t\t\t\t<div class=\"elementor-element elementor-element-ec9cd28 animated-fast elementor-invisible elementor-widget elementor-widget-image\" data-id=\"ec9cd28\" data-element_type=\"widget\" data-settings=\"{&quot;_animation&quot;:&quot;fadeInUp&quot;,&quot;_animation_delay&quot;:200}\" data-widget_type=\"image.default\">\n\t\t\t\t\t\t\t\t\t\t\t\t\t\t\t<img decoding=\"async\" src=\"https:\/\/livingstonanglers.com\/wp-content\/uploads\/elementor\/thumbs\/IMG_0169-scaled-rbqx4lpu6oagz9icetsuran8qupregkylpqbydlopc.webp\" title=\"IMG_0169\" alt=\"IMG_0169\" loading=\"lazy\" \/>\t\t\t\t\t\t\t\t\t\t\t\t\t\t\t<\/div>\n\t\t\t\t<div class=\"elementor-element elementor-element-3bc60078 animated-fast elementor-invisible elementor-widget elementor-widget-image\" data-id=\"3bc60078\" data-element_type=\"widget\" data-settings=\"{&quot;_animation&quot;:&quot;fadeInUp&quot;,&quot;_animation_delay&quot;:300}\" data-widget_type=\"image.default\">\n\t\t\t\t\t\t\t\t\t\t\t\t\t\t\t<img decoding=\"async\" src=\"https:\/\/livingstonanglers.com\/wp-content\/uploads\/elementor\/thumbs\/IMG_0581-scaled-rbqx51p3euwcgmv4tipifom2uej01bcebwtkrud43k.avif\" title=\"IMG_0581\" alt=\"IMG_0581\" loading=\"lazy\" \/>\t\t\t\t\t\t\t\t\t\t\t\t\t\t\t<\/div>\n\t\t\t\t\t<\/div>\n\t\t<\/div>\n\t\t\t\t\t<\/div>\n\t\t<\/section>\n\t\t\t\t<section class=\"elementor-section elementor-inner-section elementor-element elementor-element-7b858fc4 elementor-section-boxed elementor-section-height-default elementor-section-height-default\" data-id=\"7b858fc4\" data-element_type=\"section\">\n\t\t\t\t\t\t<div class=\"elementor-container elementor-column-gap-default\">\n\t\t\t\t\t<div class=\"elementor-column elementor-col-50 elementor-inner-column elementor-element elementor-element-4a4bf449\" data-id=\"4a4bf449\" data-element_type=\"column\">\n\t\t\t<div class=\"elementor-widget-wrap elementor-element-populated\">\n\t\t\t\t\t\t<div class=\"elementor-element elementor-element-c8f4681 animated-fast elementor-invisible elementor-widget elementor-widget-image\" data-id=\"c8f4681\" data-element_type=\"widget\" data-settings=\"{&quot;_animation&quot;:&quot;fadeInUp&quot;,&quot;_animation_delay&quot;:100}\" data-widget_type=\"image.default\">\n\t\t\t\t\t\t\t\t\t\t\t\t\t\t\t<img decoding=\"async\" src=\"https:\/\/livingstonanglers.com\/wp-content\/uploads\/elementor\/thumbs\/IMG_0636-scaled-rbqx4cbbs2h2mx2by193damqi87vbjk7uq7oc51af4.avif\" title=\"IMG_0636\" alt=\"IMG_0636\" loading=\"lazy\" \/>\t\t\t\t\t\t\t\t\t\t\t\t\t\t\t<\/div>\n\t\t\t\t\t<\/div>\n\t\t<\/div>\n\t\t\t\t<div class=\"elementor-column elementor-col-50 elementor-inner-column elementor-element elementor-element-59868975\" data-id=\"59868975\" data-element_type=\"column\">\n\t\t\t<div class=\"elementor-widget-wrap elementor-element-populated\">\n\t\t\t\t\t\t<div class=\"elementor-element elementor-element-6a143135 animated-fast elementor-invisible elementor-widget elementor-widget-image\" data-id=\"6a143135\" data-element_type=\"widget\" data-settings=\"{&quot;_animation&quot;:&quot;fadeInUp&quot;,&quot;_animation_delay&quot;:200}\" data-widget_type=\"image.default\">\n\t\t\t\t\t\t\t\t\t\t\t\t\t\t\t<img decoding=\"async\" src=\"https:\/\/livingstonanglers.com\/wp-content\/uploads\/elementor\/thumbs\/IMG_1385-e1757858273773-rbqxaz2q937c1y3sv8vt6dtbp29rsww3srtyunfda8.avif\" title=\"IMG_1385\" alt=\"IMG_1385\" loading=\"lazy\" \/>\t\t\t\t\t\t\t\t\t\t\t\t\t\t\t<\/div>\n\t\t\t\t<div class=\"elementor-element elementor-element-6f997c77 animated-fast elementor-widget__width-auto elementor-invisible elementor-widget elementor-widget-image\" data-id=\"6f997c77\" data-element_type=\"widget\" data-settings=\"{&quot;_animation&quot;:&quot;fadeInUp&quot;,&quot;_animation_delay&quot;:200}\" data-widget_type=\"image.default\">\n\t\t\t\t\t\t\t\t\t\t\t\t\t\t\t<img decoding=\"async\" src=\"https:\/\/livingstonanglers.com\/wp-content\/uploads\/elementor\/thumbs\/IMG_3245-1-scaled-rbkmzwtod4aq52bgbyw05kjto35bg2lnd16nurb1mo.avif\" title=\"IMG_3245\" alt=\"IMG_3245\" loading=\"lazy\" \/>\t\t\t\t\t\t\t\t\t\t\t\t\t\t\t<\/div>\n\t\t\t\t<div class=\"elementor-element elementor-element-7c3b7ff4 animated-fast elementor-widget__width-auto elementor-invisible elementor-widget elementor-widget-image\" data-id=\"7c3b7ff4\" data-element_type=\"widget\" data-settings=\"{&quot;_animation&quot;:&quot;fadeInUp&quot;,&quot;_animation_delay&quot;:300}\" data-widget_type=\"image.default\">\n\t\t\t\t\t\t\t\t\t\t\t\t\t\t\t<img decoding=\"async\" src=\"https:\/\/livingstonanglers.com\/wp-content\/uploads\/elementor\/thumbs\/IMG_9956-scaled-rbkmf8di0bzmpwct313haser6x2m3si8ioi3rlyuio.avif\" title=\"IMG_9956\" alt=\"IMG_9956\" loading=\"lazy\" \/>\t\t\t\t\t\t\t\t\t\t\t\t\t\t\t<\/div>\n\t\t\t\t\t<\/div>\n\t\t<\/div>\n\t\t\t\t\t<\/div>\n\t\t<\/section>\n\t\t\t\t\t<\/div>\n\t\t<\/div>\n\t\t\t\t\t<\/div>\n\t\t<\/section>\n\t\t\t\t<section class=\"elementor-section elementor-top-section elementor-element elementor-element-27be38c7 elementor-section-boxed elementor-section-height-default elementor-section-height-default\" data-id=\"27be38c7\" data-element_type=\"section\" data-settings=\"{&quot;background_background&quot;:&quot;classic&quot;}\">\n\t\t\t\t\t\t<div class=\"elementor-container elementor-column-gap-default\">\n\t\t\t\t\t<div class=\"elementor-column elementor-col-100 elementor-top-column elementor-element elementor-element-359c7b36\" data-id=\"359c7b36\" data-element_type=\"column\">\n\t\t\t<div class=\"elementor-widget-wrap elementor-element-populated\">\n\t\t\t\t\t\t<div class=\"elementor-element elementor-element-29702586 animated-fast elementor-widget__width-initial elementor-invisible elementor-widget elementor-widget-heading\" data-id=\"29702586\" data-element_type=\"widget\" data-settings=\"{&quot;_animation&quot;:&quot;fadeInUp&quot;,&quot;_animation_delay&quot;:100}\" data-widget_type=\"heading.default\">\n\t\t\t\t\t<h2 class=\"elementor-heading-title elementor-size-default\">Connection with Nature <br> Through Fishing in Patagonia<\/h2>\t\t\t\t<\/div>\n\t\t\t\t<div class=\"elementor-element elementor-element-4581f236 animated-fast elementor-widget__width-initial elementor-invisible elementor-widget elementor-widget-text-editor\" data-id=\"4581f236\" data-element_type=\"widget\" data-settings=\"{&quot;_animation&quot;:&quot;fadeInUp&quot;,&quot;_animation_delay&quot;:200}\" data-widget_type=\"text-editor.default\">\n\t\t\t\t\t\t\t\t\t<p><span style=\"font-weight: 400;\">We are local guides with more than 25 years of experience fishing the rivers and lakes of Chilean Patagonia, particularly around Puerto Natales and Tierra del Fuego.<\/span><\/p>\t\t\t\t\t\t\t\t<\/div>\n\t\t\t\t<section class=\"elementor-section elementor-inner-section elementor-element elementor-element-21f77505 elementor-section-boxed elementor-section-height-default elementor-section-height-default\" data-id=\"21f77505\" data-element_type=\"section\">\n\t\t\t\t\t\t<div class=\"elementor-container elementor-column-gap-default\">\n\t\t\t\t\t<div class=\"elementor-column elementor-col-33 elementor-inner-column elementor-element elementor-element-5cc051\" data-id=\"5cc051\" data-element_type=\"column\">\n\t\t\t<div class=\"elementor-widget-wrap elementor-element-populated\">\n\t\t\t\t\t\t<div class=\"elementor-element elementor-element-270325b animated-fast elementor-invisible elementor-widget elementor-widget-image\" data-id=\"270325b\" data-element_type=\"widget\" data-settings=\"{&quot;_animation&quot;:&quot;fadeInUp&quot;,&quot;_animation_delay&quot;:100}\" data-widget_type=\"image.default\">\n\t\t\t\t\t\t\t\t\t\t\t\t\t\t\t<img decoding=\"async\" src=\"https:\/\/livingstonanglers.com\/wp-content\/uploads\/elementor\/thumbs\/IMG_0199-rbqx5euu2jecz6c0ooeaelaj5sq512sn1pydhptlog.avif\" title=\"IMG_0199\" alt=\"IMG_0199\" loading=\"lazy\" \/>\t\t\t\t\t\t\t\t\t\t\t\t\t\t\t<\/div>\n\t\t\t\t<div class=\"elementor-element elementor-element-7a570e71 animated-fast elementor-invisible elementor-widget elementor-widget-image\" data-id=\"7a570e71\" data-element_type=\"widget\" data-settings=\"{&quot;_animation&quot;:&quot;fadeInUp&quot;,&quot;_animation_delay&quot;:200}\" data-widget_type=\"image.default\">\n\t\t\t\t\t\t\t\t\t\t\t\t\t\t\t<img decoding=\"async\" src=\"https:\/\/livingstonanglers.com\/wp-content\/uploads\/elementor\/thumbs\/IMG_6814-rbqx2hkwt3e8uukxrew2nbuwmn512z6pb8vzqq5p1c.avif\" title=\"IMG_6814\" alt=\"IMG_6814\" loading=\"lazy\" \/>\t\t\t\t\t\t\t\t\t\t\t\t\t\t\t<\/div>\n\t\t\t\t<div class=\"elementor-element elementor-element-1877595f animated-fast elementor-invisible elementor-widget elementor-widget-image\" data-id=\"1877595f\" data-element_type=\"widget\" data-settings=\"{&quot;_animation&quot;:&quot;fadeInUp&quot;,&quot;_animation_delay&quot;:300}\" data-widget_type=\"image.default\">\n\t\t\t\t\t\t\t\t\t\t\t\t\t\t\t<img decoding=\"async\" src=\"https:\/\/livingstonanglers.com\/wp-content\/uploads\/elementor\/thumbs\/IMG_0852-rbqx25d0c8xinx2oqrlx8wxwwmt9awu6xkeoi4nta8.avif\" title=\"IMG_0852\" alt=\"IMG_0852\" loading=\"lazy\" \/>\t\t\t\t\t\t\t\t\t\t\t\t\t\t\t<\/div>\n\t\t\t\t\t<\/div>\n\t\t<\/div>\n\t\t\t\t<div class=\"elementor-column elementor-col-33 elementor-inner-column elementor-element elementor-element-6ec03500\" data-id=\"6ec03500\" data-element_type=\"column\">\n\t\t\t<div class=\"elementor-widget-wrap elementor-element-populated\">\n\t\t\t\t\t\t<div class=\"elementor-element elementor-element-512023e3 animated-fast elementor-invisible elementor-widget elementor-widget-image\" data-id=\"512023e3\" data-element_type=\"widget\" data-settings=\"{&quot;_animation&quot;:&quot;fadeInUp&quot;,&quot;_animation_delay&quot;:100}\" data-widget_type=\"image.default\">\n\t\t\t\t\t\t\t\t\t\t\t\t\t\t\t<img decoding=\"async\" src=\"https:\/\/livingstonanglers.com\/wp-content\/uploads\/elementor\/thumbs\/IMG_5701-scaled-rbkme8nmsmos4g84hgwidmfa04dskhop2bhutqxmv4.avif\" title=\"IMG_5701\" alt=\"IMG_5701\" loading=\"lazy\" \/>\t\t\t\t\t\t\t\t\t\t\t\t\t\t\t<\/div>\n\t\t\t\t<div class=\"elementor-element elementor-element-279c277 animated-fast elementor-invisible elementor-widget elementor-widget-image\" data-id=\"279c277\" data-element_type=\"widget\" data-settings=\"{&quot;_animation&quot;:&quot;fadeInUp&quot;,&quot;_animation_delay&quot;:200}\" data-widget_type=\"image.default\">\n\t\t\t\t\t\t\t\t\t\t\t\t\t\t\t<img decoding=\"async\" src=\"https:\/\/livingstonanglers.com\/wp-content\/uploads\/elementor\/thumbs\/IMG_1568-1-scaled-rbkmhee3rkyfhj7hfgtijqq0hwe2uo3yhenelkr668.avif\" title=\"IMG_1568 (1)\" alt=\"IMG_1568 (1)\" loading=\"lazy\" \/>\t\t\t\t\t\t\t\t\t\t\t\t\t\t\t<\/div>\n\t\t\t\t<div class=\"elementor-element elementor-element-3bc1264e animated-fast elementor-invisible elementor-widget elementor-widget-image\" data-id=\"3bc1264e\" data-element_type=\"widget\" data-settings=\"{&quot;_animation&quot;:&quot;fadeInUp&quot;,&quot;_animation_delay&quot;:300}\" data-widget_type=\"image.default\">\n\t\t\t\t\t\t\t\t\t\t\t\t\t\t\t<img decoding=\"async\" src=\"https:\/\/livingstonanglers.com\/wp-content\/uploads\/elementor\/thumbs\/IMG_9787-scaled-rbqx2wmbufyu0lz3ble3r82a4t2wi4uepbbrf5je9s.avif\" title=\"IMG_9787\" alt=\"IMG_9787\" loading=\"lazy\" \/>\t\t\t\t\t\t\t\t\t\t\t\t\t\t\t<\/div>\n\t\t\t\t\t<\/div>\n\t\t<\/div>\n\t\t\t\t<div class=\"elementor-column elementor-col-33 elementor-inner-column elementor-element elementor-element-4524c99f\" data-id=\"4524c99f\" data-element_type=\"column\">\n\t\t\t<div class=\"elementor-widget-wrap elementor-element-populated\">\n\t\t\t\t\t\t<div class=\"elementor-element elementor-element-3ad37fa animated-fast elementor-invisible elementor-widget elementor-widget-image\" data-id=\"3ad37fa\" data-element_type=\"widget\" data-settings=\"{&quot;_animation&quot;:&quot;fadeInUp&quot;,&quot;_animation_delay&quot;:100}\" data-widget_type=\"image.default\">\n\t\t\t\t\t\t\t\t\t\t\t\t\t\t\t<img decoding=\"async\" src=\"https:\/\/livingstonanglers.com\/wp-content\/uploads\/elementor\/thumbs\/IMG_9853-rbqx3nvncn05davhwf6a9j6nczcjpcumh28uc6ez9c.avif\" title=\"IMG_9853\" alt=\"IMG_9853\" loading=\"lazy\" \/>\t\t\t\t\t\t\t\t\t\t\t\t\t\t\t<\/div>\n\t\t\t\t<div class=\"elementor-element elementor-element-2e6881a3 animated-fast elementor-invisible elementor-widget elementor-widget-image\" data-id=\"2e6881a3\" data-element_type=\"widget\" data-settings=\"{&quot;_animation&quot;:&quot;fadeInUp&quot;,&quot;_animation_delay&quot;:200}\" data-widget_type=\"image.default\">\n\t\t\t\t\t\t\t\t\t\t\t\t\t\t\t<img decoding=\"async\" src=\"https:\/\/livingstonanglers.com\/wp-content\/uploads\/elementor\/thumbs\/IMG_9878-rbqx3rn03z5anqq1agssji8hqiu0k59jtkus9a9ekg.avif\" title=\"IMG_9878\" alt=\"IMG_9878\" loading=\"lazy\" \/>\t\t\t\t\t\t\t\t\t\t\t\t\t\t\t<\/div>\n\t\t\t\t<div class=\"elementor-element elementor-element-14123b50 animated-fast elementor-invisible elementor-widget elementor-widget-image\" data-id=\"14123b50\" data-element_type=\"widget\" data-settings=\"{&quot;_animation&quot;:&quot;fadeInUp&quot;,&quot;_animation_delay&quot;:300}\" data-widget_type=\"image.default\">\n\t\t\t\t\t\t\t\t\t\t\t\t\t\t\t<img decoding=\"async\" src=\"https:\/\/livingstonanglers.com\/wp-content\/uploads\/elementor\/thumbs\/a-closeup-view-of-the-hands-of-a-fly-fisherman-hol-2025-04-03-11-37-09-utc-scaled-rbm6fbhiotuyohvljztetjbnpy1esn8a1dr38f9yds.webp\" title=\"a-closeup-view-of-the-hands-of-a-fly-fisherman-hol-2025-04-03-11-37-09-utc\" alt=\"a-closeup-view-of-the-hands-of-a-fly-fisherman-hol-2025-04-03-11-37-09-utc\" loading=\"lazy\" \/>\t\t\t\t\t\t\t\t\t\t\t\t\t\t\t<\/div>\n\t\t\t\t\t<\/div>\n\t\t<\/div>\n\t\t\t\t\t<\/div>\n\t\t<\/section>\n\t\t\t\t\t<\/div>\n\t\t<\/div>\n\t\t\t\t\t<\/div>\n\t\t<\/section>\n\t\t\t\t<\/div>","protected":false},"excerpt":{"rendered":"<p>Bit\u00e1cora visual de temporadas Esta galer\u00eda re\u00fane momentos reales de nuestras salidas de pesca personalizada en la Patagonia chilena. Ver\u00e1s r\u00edos cristalinos, lagos de origen glaciar y sonrisas despu\u00e9s de cada captura, siempre bajo una \u00e9tica de captura y devoluci\u00f3n. Conexi\u00f3n con la naturaleza a trav\u00e9s de la pesca en la Patagonia Somos Gu\u00edas Locales [&hellip;]<\/p>","protected":false},"author":1,"featured_media":0,"parent":0,"menu_order":0,"comment_status":"closed","ping_status":"closed","template":"","meta":{"footnotes":""},"class_list":["post-93","page","type-page","status-publish","hentry"],"_links":{"self":[{"href":"https:\/\/livingstonanglers.com\/en\/wp-json\/wp\/v2\/pages\/93","targetHints":{"allow":["GET"]}}],"collection":[{"href":"https:\/\/livingstonanglers.com\/en\/wp-json\/wp\/v2\/pages"}],"about":[{"href":"https:\/\/livingstonanglers.com\/en\/wp-json\/wp\/v2\/types\/page"}],"author":[{"embeddable":true,"href":"https:\/\/livingstonanglers.com\/en\/wp-json\/wp\/v2\/users\/1"}],"replies":[{"embeddable":true,"href":"https:\/\/livingstonanglers.com\/en\/wp-json\/wp\/v2\/comments?post=93"}],"version-history":[{"count":13,"href":"https:\/\/livingstonanglers.com\/en\/wp-json\/wp\/v2\/pages\/93\/revisions"}],"predecessor-version":[{"id":326,"href":"https:\/\/livingstonanglers.com\/en\/wp-json\/wp\/v2\/pages\/93\/revisions\/326"}],"wp:attachment":[{"href":"https:\/\/livingstonanglers.com\/en\/wp-json\/wp\/v2\/media?parent=93"}],"curies":[{"name":"wp","href":"https:\/\/api.w.org\/{rel}","templated":true}]}}